{"id":10558,"date":"2026-04-02T13:15:41","date_gmt":"2026-04-02T13:15:41","guid":{"rendered":"https:\/\/ansts.sn\/?page_id=10558"},"modified":"2026-04-02T16:26:30","modified_gmt":"2026-04-02T16:26:30","slug":"ansts-a-matam-rapprocher-la-science-des-jeunes-et-des-territoires","status":"publish","type":"page","link":"https:\/\/ansts.sn\/en\/ansts-a-matam-rapprocher-la-science-des-jeunes-et-des-territoires\/","title":{"rendered":"ANSTS \u00e0 Matam : rapprocher la science des jeunes et des territoires"},"content":{"rendered":"<div data-elementor-type=\"wp-page\" data-elementor-id=\"10558\" class=\"elementor elementor-10558\" data-elementor-post-type=\"page\">\n\t\t\t\t\t\t<section class=\"elementor-section elementor-top-section elementor-element elementor-element-4784d29 elementor-section-boxed elementor-section-height-default elementor-section-height-default\" data-id=\"4784d29\" data-element_type=\"section\" data-e-type=\"section\">\n\t\t\t\t\t\t<div class=\"elementor-container elementor-column-gap-default\">\n\t\t\t\t\t<div class=\"elementor-column elementor-col-100 elementor-top-column elementor-element elementor-element-6b300ce\" data-id=\"6b300ce\" data-element_type=\"column\" data-e-type=\"column\">\n\t\t\t<div class=\"elementor-widget-wrap elementor-element-populated\">\n\t\t\t\t\t\t<div class=\"elementor-element elementor-element-719bce0 elementor-widget elementor-widget-heading\" data-id=\"719bce0\" data-element_type=\"widget\" data-e-type=\"widget\" data-widget_type=\"heading.default\">\n\t\t\t\t<div class=\"elementor-widget-container\">\n\t\t\t\t\t<h2 class=\"elementor-heading-title elementor-size-default\">ANSTS \u00e0 Matam : rapprocher la science des jeunes et des territoires<\/h2>\t\t\t\t<\/div>\n\t\t\t\t<\/div>\n\t\t\t\t<div class=\"elementor-element elementor-element-122655b elementor-widget__width-inherit elementor-widget elementor-widget-text-editor\" data-id=\"122655b\" data-element_type=\"widget\" data-e-type=\"widget\" data-widget_type=\"text-editor.default\">\n\t\t\t\t<div class=\"elementor-widget-container\">\n\t\t\t\t\t\t\t\t\t<p>Du 24 au 26 mars 2026, l\u2019Acad\u00e9mie Nationale des Sciences et Techniques du S\u00e9n\u00e9gal (ANSTS) a s\u00e9journ\u00e9 dans la r\u00e9gion de Matam dans le cadre de son activit\u00e9 d\u2019appui aux clubs scientifiques des lyc\u00e9es et coll\u00e8ges.<\/p><p>Organis\u00e9e en partenariat avec le mouvement citoyen Matam Debout et l\u2019Inspection d\u2019Acad\u00e9mie (IA) de Matam, cette initiative vise \u00e0 renforcer la culture scientifique, susciter des vocations chez les jeunes et contribuer \u00e0 une meilleure orientation du syst\u00e8me \u00e9ducatif vers les disciplines scientifiques.<\/p><ul><li><b><\/b><strong><b>Elle s\u2019inscrit dans une dynamique de d\u00e9ploiement territorial engag\u00e9e depuis 2024, avec une premi\u00e8re \u00e9dition des journ\u00e9es scientifiques \u00e0 S\u00e9dhiou.<\/b><\/strong><\/li><\/ul><p>L\u2019ouverture officielle a r\u00e9uni autorit\u00e9s administratives, acad\u00e9miques et territoriales, aux c\u00f4t\u00e9s des enseignants et des \u00e9l\u00e8ves. Le Minist\u00e8re de l\u2019Enseignement sup\u00e9rieur, de la Recherche et de l\u2019Innovation \u00e9tait repr\u00e9sent\u00e9 par le Directeur G\u00e9n\u00e9ral de la Recherche et de l\u2019Innovation.<\/p><p>Durant trois jours, conf\u00e9rences et panels ont permis d\u2019aborder des th\u00e9matiques en lien avec les enjeux scientifiques et territoriaux : sciences, soci\u00e9t\u00e9s et d\u00e9veloppement ; math\u00e9matiques et intelligence artificielle ; maladies li\u00e9es \u00e0 l\u2019eau ; autosuffisance alimentaire ; valorisation des ressources locales ; innovations environnementales ; num\u00e9rique et enseignement des sciences.<\/p><p>Les \u00e9changes ont favoris\u00e9 un dialogue direct entre experts et \u00e9l\u00e8ves, avec une implication active des clubs scientifiques.<\/p><ul><li><b><\/b><strong><b>Les r\u00e9sultats de l\u2019\u00e9valuation confirment l\u2019impact de l\u2019initiative : 91 % des participants ont jug\u00e9 les th\u00e9matiques pertinentes, 94 % estiment avoir une meilleure compr\u00e9hension des sciences et 93 % se sentent d\u00e9sormais mieux outill\u00e9s pour leur avenir.<\/b><\/strong><\/li><\/ul><p>\u00a0<\/p><ul><li><b><\/b><strong><b>Au-del\u00e0 des chiffres, ce sont les mots des \u00e9l\u00e8ves qui traduisent le mieux cette \u00e9volution :<\/b><\/strong><\/li><\/ul><p><em><i>\u00ab Avant, j\u2019apprenais sans savoir vers quelle fili\u00e8re aller. Aujourd\u2019hui, j\u2019ai une vision plus claire des possibilit\u00e9s qui s\u2019offrent \u00e0 moi. \u00bb <\/i><\/em>\u2014 Aminata Alassane Gassama, \u00e9l\u00e8ve en Terminale S2 au Lyc\u00e9e de Kanel<\/p><p>L\u2019activit\u00e9 s\u2019est cl\u00f4tur\u00e9e par la remise de manuels et de supports p\u00e9dagogiques aux \u00e9tablissements et clubs scientifiques.<\/p><ul><li><b><\/b><strong><b>Un geste concret pour renforcer l\u2019acc\u00e8s au savoir et accompagner les vocations.<\/b><\/strong><\/li><\/ul><p>\u00a0<\/p><p><strong><b>Au-del\u00e0 des activit\u00e9s, cette mission a surtout rapproch\u00e9 la science de celles et ceux qui en feront l\u2019avenir.<\/b><\/strong><\/p><p><strong><b>\u00a0<\/b><\/strong>Elle marque une \u00e9tape importante dans le d\u00e9ploiement territorial de l\u2019ANSTS et ouvre des perspectives de collaboration durable avec les acteurs locaux.<\/p><p>\u00a0<\/p>\t\t\t\t\t\t\t\t<\/div>\n\t\t\t\t<\/div>\n\t\t\t\t\t<\/div>\n\t\t<\/div>\n\t\t\t\t\t<\/div>\n\t\t<\/section>\n\t\t\t\t<\/div>","protected":false},"excerpt":{"rendered":"<p>ANSTS \u00e0 Matam : rapprocher la science des jeunes et des territoires Du 24 au 26 mars 2026, l\u2019Acad\u00e9mie Nationale [&hellip;]<\/p>\n","protected":false},"author":16,"featured_media":0,"parent":0,"menu_order":0,"comment_status":"closed","ping_status":"closed","template":"","meta":{"_acf_changed":false,"_eb_attr":"","site-sidebar-layout":"no-sidebar","site-content-layout":"","ast-site-content-layout":"full-width-container","site-content-style":"default","site-sidebar-style":"default","ast-global-header-display":"","ast-banner-title-visibility":"","ast-main-header-display":"","ast-hfb-above-header-display":"","ast-hfb-below-header-display":"","ast-hfb-mobile-header-display":"","site-post-title":"disabled","ast-breadcrumbs-content":"","ast-featured-img":"disabled","footer-sml-layout":"","theme-transparent-header-meta":"","adv-header-id-meta":"","stick-header-meta":"","header-above-stick-meta":"","header-main-stick-meta":"","header-below-stick-meta":"","astra-migrate-meta-layouts":"default","ast-page-background-enabled":"default","ast-page-background-meta":{"desktop":{"background-color":"var(--ast-global-color-4)","background-image":"","background-repeat":"repeat","background-position":"center center","background-size":"auto","background-attachment":"scroll","background-type":"","background-media":"","overlay-type":"","overlay-color":"","overlay-opacity":"","overlay-gradient":""},"tablet":{"background-color":"","background-image":"","background-repeat":"repeat","background-position":"center center","background-size":"auto","background-attachment":"scroll","background-type":"","background-media":"","overlay-type":"","overlay-color":"","overlay-opacity":"","overlay-gradient":""},"mobile":{"background-color":"","background-image":"","background-repeat":"repeat","background-position":"center center","background-size":"auto","background-attachment":"scroll","background-type":"","background-media":"","overlay-type":"","overlay-color":"","overlay-opacity":"","overlay-gradient":""}},"ast-content-background-meta":{"desktop":{"background-color":"var(--ast-global-color-5)","background-image":"","background-repeat":"repeat","background-position":"center center","background-size":"auto","background-attachment":"scroll","background-type":"","background-media":"","overlay-type":"","overlay-color":"","overlay-opacity":"","overlay-gradient":""},"tablet":{"background-color":"var(--ast-global-color-5)","background-image":"","background-repeat":"repeat","background-position":"center center","background-size":"auto","background-attachment":"scroll","background-type":"","background-media":"","overlay-type":"","overlay-color":"","overlay-opacity":"","overlay-gradient":""},"mobile":{"background-color":"var(--ast-global-color-5)","background-image":"","background-repeat":"repeat","background-position":"center center","background-size":"auto","background-attachment":"scroll","background-type":"","background-media":"","overlay-type":"","overlay-color":"","overlay-opacity":"","overlay-gradient":""}},"footnotes":""},"class_list":["post-10558","page","type-page","status-publish","hentry"],"acf":[],"yoast_head":"<!-- This site is optimized with the Yoast SEO plugin v27.3 - https:\/\/yoast.com\/product\/yoast-seo-wordpress\/ -->\n<title>ANSTS \u00e0 Matam : rapprocher la science des jeunes et des territoires - ANSTS<\/title>\n<meta name=\"robots\" content=\"index, follow, max-snippet:-1, max-image-preview:large, max-video-preview:-1\" \/>\n<link rel=\"canonical\" href=\"https:\/\/ansts.sn\/en\/ansts-a-matam-rapprocher-la-science-des-jeunes-et-des-territoires\/\" \/>\n<meta property=\"og:locale\" content=\"en_GB\" \/>\n<meta property=\"og:type\" content=\"article\" \/>\n<meta property=\"og:title\" content=\"ANSTS \u00e0 Matam : rapprocher la science des jeunes et des territoires - ANSTS\" \/>\n<meta property=\"og:description\" content=\"ANSTS \u00e0 Matam : rapprocher la science des jeunes et des territoires Du 24 au 26 mars 2026, l\u2019Acad\u00e9mie Nationale [&hellip;]\" \/>\n<meta property=\"og:url\" content=\"https:\/\/ansts.sn\/en\/ansts-a-matam-rapprocher-la-science-des-jeunes-et-des-territoires\/\" \/>\n<meta property=\"og:site_name\" content=\"ANSTS\" \/>\n<meta property=\"article:modified_time\" content=\"2026-04-02T16:26:30+00:00\" \/>\n<meta name=\"twitter:card\" content=\"summary_large_image\" \/>\n<meta name=\"twitter:label1\" content=\"Estimated reading time\" \/>\n\t<meta name=\"twitter:data1\" content=\"2 minutes\" \/>\n<script type=\"application\/ld+json\" class=\"yoast-schema-graph\">{\"@context\":\"https:\\\/\\\/schema.org\",\"@graph\":[{\"@type\":\"WebPage\",\"@id\":\"https:\\\/\\\/ansts.sn\\\/ansts-a-matam-rapprocher-la-science-des-jeunes-et-des-territoires\\\/\",\"url\":\"https:\\\/\\\/ansts.sn\\\/ansts-a-matam-rapprocher-la-science-des-jeunes-et-des-territoires\\\/\",\"name\":\"ANSTS \u00e0 Matam : rapprocher la science des jeunes et des territoires - ANSTS\",\"isPartOf\":{\"@id\":\"https:\\\/\\\/ansts.sn\\\/#website\"},\"datePublished\":\"2026-04-02T13:15:41+00:00\",\"dateModified\":\"2026-04-02T16:26:30+00:00\",\"breadcrumb\":{\"@id\":\"https:\\\/\\\/ansts.sn\\\/ansts-a-matam-rapprocher-la-science-des-jeunes-et-des-territoires\\\/#breadcrumb\"},\"inLanguage\":\"en-GB\",\"potentialAction\":[{\"@type\":\"ReadAction\",\"target\":[\"https:\\\/\\\/ansts.sn\\\/ansts-a-matam-rapprocher-la-science-des-jeunes-et-des-territoires\\\/\"]}]},{\"@type\":\"BreadcrumbList\",\"@id\":\"https:\\\/\\\/ansts.sn\\\/ansts-a-matam-rapprocher-la-science-des-jeunes-et-des-territoires\\\/#breadcrumb\",\"itemListElement\":[{\"@type\":\"ListItem\",\"position\":1,\"name\":\"Accueil\",\"item\":\"https:\\\/\\\/ansts.sn\\\/\"},{\"@type\":\"ListItem\",\"position\":2,\"name\":\"ANSTS \u00e0 Matam : rapprocher la science des jeunes et des territoires\"}]},{\"@type\":\"WebSite\",\"@id\":\"https:\\\/\\\/ansts.sn\\\/#website\",\"url\":\"https:\\\/\\\/ansts.sn\\\/\",\"name\":\"ANSTS\",\"description\":\"\",\"publisher\":{\"@id\":\"https:\\\/\\\/ansts.sn\\\/#organization\"},\"potentialAction\":[{\"@type\":\"SearchAction\",\"target\":{\"@type\":\"EntryPoint\",\"urlTemplate\":\"https:\\\/\\\/ansts.sn\\\/?s={search_term_string}\"},\"query-input\":{\"@type\":\"PropertyValueSpecification\",\"valueRequired\":true,\"valueName\":\"search_term_string\"}}],\"inLanguage\":\"en-GB\"},{\"@type\":\"Organization\",\"@id\":\"https:\\\/\\\/ansts.sn\\\/#organization\",\"name\":\"ANSTS\",\"url\":\"https:\\\/\\\/ansts.sn\\\/\",\"logo\":{\"@type\":\"ImageObject\",\"inLanguage\":\"en-GB\",\"@id\":\"https:\\\/\\\/ansts.sn\\\/#\\\/schema\\\/logo\\\/image\\\/\",\"url\":\"https:\\\/\\\/ansts.sn\\\/wp-content\\\/uploads\\\/2020\\\/03\\\/WhatsApp_Image_2026-04-02_at_10.18.40-removebg-preview.png\",\"contentUrl\":\"https:\\\/\\\/ansts.sn\\\/wp-content\\\/uploads\\\/2020\\\/03\\\/WhatsApp_Image_2026-04-02_at_10.18.40-removebg-preview.png\",\"width\":502,\"height\":497,\"caption\":\"ANSTS\"},\"image\":{\"@id\":\"https:\\\/\\\/ansts.sn\\\/#\\\/schema\\\/logo\\\/image\\\/\"}}]}<\/script>\n<!-- \/ Yoast SEO plugin. -->","yoast_head_json":{"title":"ANSTS \u00e0 Matam : rapprocher la science des jeunes et des territoires - ANSTS","robots":{"index":"index","follow":"follow","max-snippet":"max-snippet:-1","max-image-preview":"max-image-preview:large","max-video-preview":"max-video-preview:-1"},"canonical":"https:\/\/ansts.sn\/en\/ansts-a-matam-rapprocher-la-science-des-jeunes-et-des-territoires\/","og_locale":"en_GB","og_type":"article","og_title":"ANSTS \u00e0 Matam : rapprocher la science des jeunes et des territoires - ANSTS","og_description":"ANSTS \u00e0 Matam : rapprocher la science des jeunes et des territoires Du 24 au 26 mars 2026, l\u2019Acad\u00e9mie Nationale [&hellip;]","og_url":"https:\/\/ansts.sn\/en\/ansts-a-matam-rapprocher-la-science-des-jeunes-et-des-territoires\/","og_site_name":"ANSTS","article_modified_time":"2026-04-02T16:26:30+00:00","twitter_card":"summary_large_image","twitter_misc":{"Estimated reading time":"2 minutes"},"schema":{"@context":"https:\/\/schema.org","@graph":[{"@type":"WebPage","@id":"https:\/\/ansts.sn\/ansts-a-matam-rapprocher-la-science-des-jeunes-et-des-territoires\/","url":"https:\/\/ansts.sn\/ansts-a-matam-rapprocher-la-science-des-jeunes-et-des-territoires\/","name":"ANSTS \u00e0 Matam : rapprocher la science des jeunes et des territoires - ANSTS","isPartOf":{"@id":"https:\/\/ansts.sn\/#website"},"datePublished":"2026-04-02T13:15:41+00:00","dateModified":"2026-04-02T16:26:30+00:00","breadcrumb":{"@id":"https:\/\/ansts.sn\/ansts-a-matam-rapprocher-la-science-des-jeunes-et-des-territoires\/#breadcrumb"},"inLanguage":"en-GB","potentialAction":[{"@type":"ReadAction","target":["https:\/\/ansts.sn\/ansts-a-matam-rapprocher-la-science-des-jeunes-et-des-territoires\/"]}]},{"@type":"BreadcrumbList","@id":"https:\/\/ansts.sn\/ansts-a-matam-rapprocher-la-science-des-jeunes-et-des-territoires\/#breadcrumb","itemListElement":[{"@type":"ListItem","position":1,"name":"Accueil","item":"https:\/\/ansts.sn\/"},{"@type":"ListItem","position":2,"name":"ANSTS \u00e0 Matam : rapprocher la science des jeunes et des territoires"}]},{"@type":"WebSite","@id":"https:\/\/ansts.sn\/#website","url":"https:\/\/ansts.sn\/","name":"ANSTS","description":"","publisher":{"@id":"https:\/\/ansts.sn\/#organization"},"potentialAction":[{"@type":"SearchAction","target":{"@type":"EntryPoint","urlTemplate":"https:\/\/ansts.sn\/?s={search_term_string}"},"query-input":{"@type":"PropertyValueSpecification","valueRequired":true,"valueName":"search_term_string"}}],"inLanguage":"en-GB"},{"@type":"Organization","@id":"https:\/\/ansts.sn\/#organization","name":"ANSTS","url":"https:\/\/ansts.sn\/","logo":{"@type":"ImageObject","inLanguage":"en-GB","@id":"https:\/\/ansts.sn\/#\/schema\/logo\/image\/","url":"https:\/\/ansts.sn\/wp-content\/uploads\/2020\/03\/WhatsApp_Image_2026-04-02_at_10.18.40-removebg-preview.png","contentUrl":"https:\/\/ansts.sn\/wp-content\/uploads\/2020\/03\/WhatsApp_Image_2026-04-02_at_10.18.40-removebg-preview.png","width":502,"height":497,"caption":"ANSTS"},"image":{"@id":"https:\/\/ansts.sn\/#\/schema\/logo\/image\/"}}]}},"jetpack_sharing_enabled":true,"_links":{"self":[{"href":"https:\/\/ansts.sn\/en\/wp-json\/wp\/v2\/pages\/10558","targetHints":{"allow":["GET"]}}],"collection":[{"href":"https:\/\/ansts.sn\/en\/wp-json\/wp\/v2\/pages"}],"about":[{"href":"https:\/\/ansts.sn\/en\/wp-json\/wp\/v2\/types\/page"}],"author":[{"embeddable":true,"href":"https:\/\/ansts.sn\/en\/wp-json\/wp\/v2\/users\/16"}],"replies":[{"embeddable":true,"href":"https:\/\/ansts.sn\/en\/wp-json\/wp\/v2\/comments?post=10558"}],"version-history":[{"count":7,"href":"https:\/\/ansts.sn\/en\/wp-json\/wp\/v2\/pages\/10558\/revisions"}],"predecessor-version":[{"id":10619,"href":"https:\/\/ansts.sn\/en\/wp-json\/wp\/v2\/pages\/10558\/revisions\/10619"}],"wp:attachment":[{"href":"https:\/\/ansts.sn\/en\/wp-json\/wp\/v2\/media?parent=10558"}],"curies":[{"name":"wp","href":"https:\/\/api.w.org\/{rel}","templated":true}]}}