{"id":10674,"date":"2026-05-04T15:13:45","date_gmt":"2026-05-04T15:13:45","guid":{"rendered":"https:\/\/ansts.sn\/?page_id=10674"},"modified":"2026-05-04T16:27:58","modified_gmt":"2026-05-04T16:27:58","slug":"la-section-sciences-de-la-sante-de-lansts-en-visite-a-touba","status":"publish","type":"page","link":"https:\/\/ansts.sn\/en\/la-section-sciences-de-la-sante-de-lansts-en-visite-a-touba\/","title":{"rendered":"La Section Sciences de la Sant\u00e9 de l\u2019ANSTS en visite \u00e0 Touba"},"content":{"rendered":"<div data-elementor-type=\"wp-page\" data-elementor-id=\"10674\" class=\"elementor elementor-10674\" data-elementor-post-type=\"page\">\n\t\t\t\t\t\t<section class=\"elementor-section elementor-top-section elementor-element elementor-element-4784d29 elementor-section-boxed elementor-section-height-default elementor-section-height-default\" data-id=\"4784d29\" data-element_type=\"section\" data-e-type=\"section\">\n\t\t\t\t\t\t<div class=\"elementor-container elementor-column-gap-default\">\n\t\t\t\t\t<div class=\"elementor-column elementor-col-100 elementor-top-column elementor-element elementor-element-6b300ce\" data-id=\"6b300ce\" data-element_type=\"column\" data-e-type=\"column\">\n\t\t\t<div class=\"elementor-widget-wrap elementor-element-populated\">\n\t\t\t\t\t\t<div class=\"elementor-element elementor-element-719bce0 elementor-widget elementor-widget-heading\" data-id=\"719bce0\" data-element_type=\"widget\" data-e-type=\"widget\" data-widget_type=\"heading.default\">\n\t\t\t\t<div class=\"elementor-widget-container\">\n\t\t\t\t\t<h2 class=\"elementor-heading-title elementor-size-default\">La Section Sciences de la Sant\u00e9 de l\u2019ANSTS en visite \u00e0 Touba<\/h2>\t\t\t\t<\/div>\n\t\t\t\t<\/div>\n\t\t\t\t<div class=\"elementor-element elementor-element-122655b elementor-widget__width-inherit elementor-widget elementor-widget-text-editor\" data-id=\"122655b\" data-element_type=\"widget\" data-e-type=\"widget\" data-widget_type=\"text-editor.default\">\n\t\t\t\t<div class=\"elementor-widget-container\">\n\t\t\t\t\t\t\t\t\t<p>Dans le cadre de sa retraite de travail, tenue du 10 au 13 avril 2026 \u00e0 Saly\u2013Mbour, la Section Sciences de la Sant\u00e9 de l\u2019Acad\u00e9mie nationale des sciences et techniques du S\u00e9n\u00e9gal (ANSTS), accompagn\u00e9e d\u2019autres membres de l\u2019Acad\u00e9mie, a effectu\u00e9 une visite \u00e0 Touba, au Complexe Cheikh Ahmadoul Khadim (CCAK) ainsi qu\u2019au Centre Hospitalier National Cheikh Ahmadoul Khadim.<\/p><p>Cette visite, organis\u00e9e en marge des travaux de la Section, a constitu\u00e9 un moment d\u2019\u00e9changes avec les responsables et acteurs des structures visit\u00e9es, autour des enjeux de sant\u00e9, de recherche et d\u2019innovation, en lien avec les r\u00e9alit\u00e9s territoriales.<\/p><p>Les discussions ont notamment port\u00e9 sur les perspectives de collaboration entre l\u2019ANSTS et les institutions visit\u00e9es, avec une attention particuli\u00e8re accord\u00e9e aux probl\u00e9matiques sanitaires et \u00e0 la n\u00e9cessit\u00e9 de renforcer les dispositifs d\u2019observation, d\u2019analyse et de r\u00e9ponse. Dans ce cadre, la mise en place d\u2019un observatoire des maladies a \u00e9t\u00e9 \u00e9voqu\u00e9e comme une piste structurante, susceptible de contribuer \u00e0 une meilleure connaissance des dynamiques sanitaires et \u00e0 l\u2019orientation des politiques publiques.<\/p><p><strong><b>Dans cette m\u00eame dynamique, des perspectives de collaboration ont \u00e9galement \u00e9t\u00e9 \u00e9voqu\u00e9es, avec l\u2019ambition de cr\u00e9er des espaces d\u2019\u00e9changes scientifiques autour des approches d\u00e9velopp\u00e9es au sein du Complexe Cheikh Ahmadoul Khadim.<\/b><\/strong><\/p><p>\u00c0 travers cette initiative, l\u2019ANSTS r\u00e9affirme son engagement \u00e0 promouvoir une science connect\u00e9e aux r\u00e9alit\u00e9s des territoires et contributive au d\u00e9veloppement du S\u00e9n\u00e9gal.<\/p><p>\u00a0<\/p>\t\t\t\t\t\t\t\t<\/div>\n\t\t\t\t<\/div>\n\t\t\t\t\t<\/div>\n\t\t<\/div>\n\t\t\t\t\t<\/div>\n\t\t<\/section>\n\t\t\t\t<\/div>","protected":false},"excerpt":{"rendered":"<p>La Section Sciences de la Sant\u00e9 de l\u2019ANSTS en visite \u00e0 Touba Dans le cadre de sa retraite de travail, [&hellip;]<\/p>\n","protected":false},"author":16,"featured_media":0,"parent":0,"menu_order":0,"comment_status":"closed","ping_status":"closed","template":"","meta":{"_acf_changed":false,"_eb_attr":"","site-sidebar-layout":"no-sidebar","site-content-layout":"","ast-site-content-layout":"full-width-container","site-content-style":"default","site-sidebar-style":"default","ast-global-header-display":"","ast-banner-title-visibility":"","ast-main-header-display":"","ast-hfb-above-header-display":"","ast-hfb-below-header-display":"","ast-hfb-mobile-header-display":"","site-post-title":"disabled","ast-breadcrumbs-content":"","ast-featured-img":"disabled","footer-sml-layout":"","theme-transparent-header-meta":"","adv-header-id-meta":"","stick-header-meta":"","header-above-stick-meta":"","header-main-stick-meta":"","header-below-stick-meta":"","astra-migrate-meta-layouts":"default","ast-page-background-enabled":"default","ast-page-background-meta":{"desktop":{"background-color":"var(--ast-global-color-4)","background-image":"","background-repeat":"repeat","background-position":"center center","background-size":"auto","background-attachment":"scroll","background-type":"","background-media":"","overlay-type":"","overlay-color":"","overlay-opacity":"","overlay-gradient":""},"tablet":{"background-color":"","background-image":"","background-repeat":"repeat","background-position":"center center","background-size":"auto","background-attachment":"scroll","background-type":"","background-media":"","overlay-type":"","overlay-color":"","overlay-opacity":"","overlay-gradient":""},"mobile":{"background-color":"","background-image":"","background-repeat":"repeat","background-position":"center center","background-size":"auto","background-attachment":"scroll","background-type":"","background-media":"","overlay-type":"","overlay-color":"","overlay-opacity":"","overlay-gradient":""}},"ast-content-background-meta":{"desktop":{"background-color":"var(--ast-global-color-5)","background-image":"","background-repeat":"repeat","background-position":"center center","background-size":"auto","background-attachment":"scroll","background-type":"","background-media":"","overlay-type":"","overlay-color":"","overlay-opacity":"","overlay-gradient":""},"tablet":{"background-color":"var(--ast-global-color-5)","background-image":"","background-repeat":"repeat","background-position":"center center","background-size":"auto","background-attachment":"scroll","background-type":"","background-media":"","overlay-type":"","overlay-color":"","overlay-opacity":"","overlay-gradient":""},"mobile":{"background-color":"var(--ast-global-color-5)","background-image":"","background-repeat":"repeat","background-position":"center center","background-size":"auto","background-attachment":"scroll","background-type":"","background-media":"","overlay-type":"","overlay-color":"","overlay-opacity":"","overlay-gradient":""}},"footnotes":""},"class_list":["post-10674","page","type-page","status-publish","hentry"],"acf":[],"yoast_head":"<!-- This site is optimized with the Yoast SEO plugin v27.3 - https:\/\/yoast.com\/product\/yoast-seo-wordpress\/ -->\n<title>La Section Sciences de la Sant\u00e9 de l\u2019ANSTS en visite \u00e0 Touba - ANSTS<\/title>\n<meta name=\"robots\" content=\"index, follow, max-snippet:-1, max-image-preview:large, max-video-preview:-1\" \/>\n<link rel=\"canonical\" href=\"https:\/\/ansts.sn\/en\/la-section-sciences-de-la-sante-de-lansts-en-visite-a-touba\/\" \/>\n<meta property=\"og:locale\" content=\"en_GB\" \/>\n<meta property=\"og:type\" content=\"article\" \/>\n<meta property=\"og:title\" content=\"La Section Sciences de la Sant\u00e9 de l\u2019ANSTS en visite \u00e0 Touba - ANSTS\" \/>\n<meta property=\"og:description\" content=\"La Section Sciences de la Sant\u00e9 de l\u2019ANSTS en visite \u00e0 Touba Dans le cadre de sa retraite de travail, [&hellip;]\" \/>\n<meta property=\"og:url\" content=\"https:\/\/ansts.sn\/en\/la-section-sciences-de-la-sante-de-lansts-en-visite-a-touba\/\" \/>\n<meta property=\"og:site_name\" content=\"ANSTS\" \/>\n<meta property=\"article:modified_time\" content=\"2026-05-04T16:27:58+00:00\" \/>\n<meta name=\"twitter:card\" content=\"summary_large_image\" \/>\n<meta name=\"twitter:label1\" content=\"Estimated reading time\" \/>\n\t<meta name=\"twitter:data1\" content=\"2 minutes\" \/>\n<script type=\"application\/ld+json\" class=\"yoast-schema-graph\">{\"@context\":\"https:\\\/\\\/schema.org\",\"@graph\":[{\"@type\":\"WebPage\",\"@id\":\"https:\\\/\\\/ansts.sn\\\/la-section-sciences-de-la-sante-de-lansts-en-visite-a-touba\\\/\",\"url\":\"https:\\\/\\\/ansts.sn\\\/la-section-sciences-de-la-sante-de-lansts-en-visite-a-touba\\\/\",\"name\":\"La Section Sciences de la Sant\u00e9 de l\u2019ANSTS en visite \u00e0 Touba - ANSTS\",\"isPartOf\":{\"@id\":\"https:\\\/\\\/ansts.sn\\\/#website\"},\"datePublished\":\"2026-05-04T15:13:45+00:00\",\"dateModified\":\"2026-05-04T16:27:58+00:00\",\"breadcrumb\":{\"@id\":\"https:\\\/\\\/ansts.sn\\\/la-section-sciences-de-la-sante-de-lansts-en-visite-a-touba\\\/#breadcrumb\"},\"inLanguage\":\"en-GB\",\"potentialAction\":[{\"@type\":\"ReadAction\",\"target\":[\"https:\\\/\\\/ansts.sn\\\/la-section-sciences-de-la-sante-de-lansts-en-visite-a-touba\\\/\"]}]},{\"@type\":\"BreadcrumbList\",\"@id\":\"https:\\\/\\\/ansts.sn\\\/la-section-sciences-de-la-sante-de-lansts-en-visite-a-touba\\\/#breadcrumb\",\"itemListElement\":[{\"@type\":\"ListItem\",\"position\":1,\"name\":\"Accueil\",\"item\":\"https:\\\/\\\/ansts.sn\\\/\"},{\"@type\":\"ListItem\",\"position\":2,\"name\":\"La Section Sciences de la Sant\u00e9 de l\u2019ANSTS en visite \u00e0 Touba\"}]},{\"@type\":\"WebSite\",\"@id\":\"https:\\\/\\\/ansts.sn\\\/#website\",\"url\":\"https:\\\/\\\/ansts.sn\\\/\",\"name\":\"ANSTS\",\"description\":\"\",\"publisher\":{\"@id\":\"https:\\\/\\\/ansts.sn\\\/#organization\"},\"potentialAction\":[{\"@type\":\"SearchAction\",\"target\":{\"@type\":\"EntryPoint\",\"urlTemplate\":\"https:\\\/\\\/ansts.sn\\\/?s={search_term_string}\"},\"query-input\":{\"@type\":\"PropertyValueSpecification\",\"valueRequired\":true,\"valueName\":\"search_term_string\"}}],\"inLanguage\":\"en-GB\"},{\"@type\":\"Organization\",\"@id\":\"https:\\\/\\\/ansts.sn\\\/#organization\",\"name\":\"ANSTS\",\"url\":\"https:\\\/\\\/ansts.sn\\\/\",\"logo\":{\"@type\":\"ImageObject\",\"inLanguage\":\"en-GB\",\"@id\":\"https:\\\/\\\/ansts.sn\\\/#\\\/schema\\\/logo\\\/image\\\/\",\"url\":\"https:\\\/\\\/ansts.sn\\\/wp-content\\\/uploads\\\/2020\\\/03\\\/WhatsApp_Image_2026-04-02_at_10.18.40-removebg-preview.png\",\"contentUrl\":\"https:\\\/\\\/ansts.sn\\\/wp-content\\\/uploads\\\/2020\\\/03\\\/WhatsApp_Image_2026-04-02_at_10.18.40-removebg-preview.png\",\"width\":502,\"height\":497,\"caption\":\"ANSTS\"},\"image\":{\"@id\":\"https:\\\/\\\/ansts.sn\\\/#\\\/schema\\\/logo\\\/image\\\/\"}}]}<\/script>\n<!-- \/ Yoast SEO plugin. -->","yoast_head_json":{"title":"La Section Sciences de la Sant\u00e9 de l\u2019ANSTS en visite \u00e0 Touba - ANSTS","robots":{"index":"index","follow":"follow","max-snippet":"max-snippet:-1","max-image-preview":"max-image-preview:large","max-video-preview":"max-video-preview:-1"},"canonical":"https:\/\/ansts.sn\/en\/la-section-sciences-de-la-sante-de-lansts-en-visite-a-touba\/","og_locale":"en_GB","og_type":"article","og_title":"La Section Sciences de la Sant\u00e9 de l\u2019ANSTS en visite \u00e0 Touba - ANSTS","og_description":"La Section Sciences de la Sant\u00e9 de l\u2019ANSTS en visite \u00e0 Touba Dans le cadre de sa retraite de travail, [&hellip;]","og_url":"https:\/\/ansts.sn\/en\/la-section-sciences-de-la-sante-de-lansts-en-visite-a-touba\/","og_site_name":"ANSTS","article_modified_time":"2026-05-04T16:27:58+00:00","twitter_card":"summary_large_image","twitter_misc":{"Estimated reading time":"2 minutes"},"schema":{"@context":"https:\/\/schema.org","@graph":[{"@type":"WebPage","@id":"https:\/\/ansts.sn\/la-section-sciences-de-la-sante-de-lansts-en-visite-a-touba\/","url":"https:\/\/ansts.sn\/la-section-sciences-de-la-sante-de-lansts-en-visite-a-touba\/","name":"La Section Sciences de la Sant\u00e9 de l\u2019ANSTS en visite \u00e0 Touba - ANSTS","isPartOf":{"@id":"https:\/\/ansts.sn\/#website"},"datePublished":"2026-05-04T15:13:45+00:00","dateModified":"2026-05-04T16:27:58+00:00","breadcrumb":{"@id":"https:\/\/ansts.sn\/la-section-sciences-de-la-sante-de-lansts-en-visite-a-touba\/#breadcrumb"},"inLanguage":"en-GB","potentialAction":[{"@type":"ReadAction","target":["https:\/\/ansts.sn\/la-section-sciences-de-la-sante-de-lansts-en-visite-a-touba\/"]}]},{"@type":"BreadcrumbList","@id":"https:\/\/ansts.sn\/la-section-sciences-de-la-sante-de-lansts-en-visite-a-touba\/#breadcrumb","itemListElement":[{"@type":"ListItem","position":1,"name":"Accueil","item":"https:\/\/ansts.sn\/"},{"@type":"ListItem","position":2,"name":"La Section Sciences de la Sant\u00e9 de l\u2019ANSTS en visite \u00e0 Touba"}]},{"@type":"WebSite","@id":"https:\/\/ansts.sn\/#website","url":"https:\/\/ansts.sn\/","name":"ANSTS","description":"","publisher":{"@id":"https:\/\/ansts.sn\/#organization"},"potentialAction":[{"@type":"SearchAction","target":{"@type":"EntryPoint","urlTemplate":"https:\/\/ansts.sn\/?s={search_term_string}"},"query-input":{"@type":"PropertyValueSpecification","valueRequired":true,"valueName":"search_term_string"}}],"inLanguage":"en-GB"},{"@type":"Organization","@id":"https:\/\/ansts.sn\/#organization","name":"ANSTS","url":"https:\/\/ansts.sn\/","logo":{"@type":"ImageObject","inLanguage":"en-GB","@id":"https:\/\/ansts.sn\/#\/schema\/logo\/image\/","url":"https:\/\/ansts.sn\/wp-content\/uploads\/2020\/03\/WhatsApp_Image_2026-04-02_at_10.18.40-removebg-preview.png","contentUrl":"https:\/\/ansts.sn\/wp-content\/uploads\/2020\/03\/WhatsApp_Image_2026-04-02_at_10.18.40-removebg-preview.png","width":502,"height":497,"caption":"ANSTS"},"image":{"@id":"https:\/\/ansts.sn\/#\/schema\/logo\/image\/"}}]}},"jetpack_sharing_enabled":true,"_links":{"self":[{"href":"https:\/\/ansts.sn\/en\/wp-json\/wp\/v2\/pages\/10674","targetHints":{"allow":["GET"]}}],"collection":[{"href":"https:\/\/ansts.sn\/en\/wp-json\/wp\/v2\/pages"}],"about":[{"href":"https:\/\/ansts.sn\/en\/wp-json\/wp\/v2\/types\/page"}],"author":[{"embeddable":true,"href":"https:\/\/ansts.sn\/en\/wp-json\/wp\/v2\/users\/16"}],"replies":[{"embeddable":true,"href":"https:\/\/ansts.sn\/en\/wp-json\/wp\/v2\/comments?post=10674"}],"version-history":[{"count":4,"href":"https:\/\/ansts.sn\/en\/wp-json\/wp\/v2\/pages\/10674\/revisions"}],"predecessor-version":[{"id":10688,"href":"https:\/\/ansts.sn\/en\/wp-json\/wp\/v2\/pages\/10674\/revisions\/10688"}],"wp:attachment":[{"href":"https:\/\/ansts.sn\/en\/wp-json\/wp\/v2\/media?parent=10674"}],"curies":[{"name":"wp","href":"https:\/\/api.w.org\/{rel}","templated":true}]}}