{"id":7990,"date":"2025-01-28T15:18:12","date_gmt":"2025-01-28T15:18:12","guid":{"rendered":"https:\/\/ansts.engy-partners.com\/?page_id=7990"},"modified":"2025-01-28T15:26:56","modified_gmt":"2025-01-28T15:26:56","slug":"actualites-bis","status":"publish","type":"page","link":"https:\/\/ansts.sn\/en\/actualites-bis\/","title":{"rendered":"actualites-bis"},"content":{"rendered":"<div data-elementor-type=\"wp-page\" data-elementor-id=\"7990\" class=\"elementor elementor-7990\" data-elementor-post-type=\"page\">\n\t\t\t\t\t\t<section class=\"elementor-section elementor-top-section elementor-element elementor-element-c0e3dc0 elementor-section-boxed elementor-section-height-default elementor-section-height-default\" data-id=\"c0e3dc0\" data-element_type=\"section\" data-e-type=\"section\">\n\t\t\t\t\t\t<div class=\"elementor-container elementor-column-gap-default\">\n\t\t\t\t\t<div class=\"elementor-column elementor-col-100 elementor-top-column elementor-element elementor-element-d53766e\" data-id=\"d53766e\" data-element_type=\"column\" data-e-type=\"column\" data-settings=\"{&quot;background_background&quot;:&quot;gradient&quot;}\">\n\t\t\t<div class=\"elementor-widget-wrap elementor-element-populated\">\n\t\t\t\t\t\t<div class=\"elementor-element elementor-element-a379b42 elementor-grid-2 elementor-grid-tablet-2 elementor-grid-mobile-1 elementor-posts--thumbnail-top elementor-posts--show-avatar elementor-card-shadow-yes elementor-posts__hover-gradient elementor-widget elementor-widget-posts\" data-id=\"a379b42\" data-element_type=\"widget\" data-e-type=\"widget\" data-settings=\"{&quot;cards_columns&quot;:&quot;2&quot;,&quot;pagination_type&quot;:&quot;prev_next&quot;,&quot;cards_columns_tablet&quot;:&quot;2&quot;,&quot;cards_columns_mobile&quot;:&quot;1&quot;,&quot;cards_row_gap&quot;:{&quot;unit&quot;:&quot;px&quot;,&quot;size&quot;:35,&quot;sizes&quot;:[]},&quot;cards_row_gap_laptop&quot;:{&quot;unit&quot;:&quot;px&quot;,&quot;size&quot;:&quot;&quot;,&quot;sizes&quot;:[]},&quot;cards_row_gap_tablet&quot;:{&quot;unit&quot;:&quot;px&quot;,&quot;size&quot;:&quot;&quot;,&quot;sizes&quot;:[]},&quot;cards_row_gap_mobile&quot;:{&quot;unit&quot;:&quot;px&quot;,&quot;size&quot;:&quot;&quot;,&quot;sizes&quot;:[]}}\" data-widget_type=\"posts.cards\">\n\t\t\t\t<div class=\"elementor-widget-container\">\n\t\t\t\t\t\t\t<div class=\"elementor-posts-container elementor-posts elementor-posts--skin-cards elementor-grid\">\n\t\t\t\t<article class=\"elementor-post elementor-grid-item post-8718 post type-post status-publish format-standard has-post-thumbnail hentry category-bourses-et-stages-2\">\n\t\t\t<div class=\"elementor-post__card\">\n\t\t\t\t<a class=\"elementor-post__thumbnail__link\" href=\"https:\/\/ansts.sn\/en\/les-opportunites-de-bourses-pour-la-recherche-scientifique-au-senegal-enjeux-et-perspectives-copy-copy\/\" tabindex=\"-1\" ><div class=\"elementor-post__thumbnail\"><img fetchpriority=\"high\" decoding=\"async\" width=\"300\" height=\"300\" src=\"https:\/\/ansts.sn\/wp-content\/uploads\/2025\/02\/confident-holding-books-with-pen-young-africanamerican-guy-wearing-headphones-neck-isolated-blue-background-300x300.jpg\" class=\"attachment-medium size-medium wp-image-9190\" alt=\"\" srcset=\"https:\/\/ansts.sn\/wp-content\/uploads\/2025\/02\/confident-holding-books-with-pen-young-africanamerican-guy-wearing-headphones-neck-isolated-blue-background-300x300.jpg 300w, https:\/\/ansts.sn\/wp-content\/uploads\/2025\/02\/confident-holding-books-with-pen-young-africanamerican-guy-wearing-headphones-neck-isolated-blue-background-1024x1024.jpg 1024w, https:\/\/ansts.sn\/wp-content\/uploads\/2025\/02\/confident-holding-books-with-pen-young-africanamerican-guy-wearing-headphones-neck-isolated-blue-background-150x150.jpg 150w, https:\/\/ansts.sn\/wp-content\/uploads\/2025\/02\/confident-holding-books-with-pen-young-africanamerican-guy-wearing-headphones-neck-isolated-blue-background-768x768.jpg 768w, https:\/\/ansts.sn\/wp-content\/uploads\/2025\/02\/confident-holding-books-with-pen-young-africanamerican-guy-wearing-headphones-neck-isolated-blue-background-100x100.jpg 100w\" sizes=\"(max-width: 300px) 100vw, 300px\" \/><\/div><\/a>\n\t\t\t\t<div class=\"elementor-post__badge\">Bourses et Stages<\/div>\n\t\t\t\t<div class=\"elementor-post__avatar\">\n\t\t\t<img alt='Ngon\u00e9' src='https:\/\/secure.gravatar.com\/avatar\/fded320fba89c64b0c380963a851e8e2943b412a82290c3e549ba3d806911435?s=128&#038;d=mm&#038;r=g' srcset='https:\/\/secure.gravatar.com\/avatar\/fded320fba89c64b0c380963a851e8e2943b412a82290c3e549ba3d806911435?s=256&#038;d=mm&#038;r=g 2x' class='avatar avatar-128 photo' height='128' width='128' \/>\t\t<\/div>\n\t\t\t\t<div class=\"elementor-post__text\">\n\t\t\t\t<h3 class=\"elementor-post__title\">\n\t\t\t<a href=\"https:\/\/ansts.sn\/en\/les-opportunites-de-bourses-pour-la-recherche-scientifique-au-senegal-enjeux-et-perspectives-copy-copy\/\" >\n\t\t\t\tLe r\u00f4le des stages dans le d\u00e9veloppement des comp\u00e9tences scientifiques et technologiques au S\u00e9n\u00e9gal\t\t\t<\/a>\n\t\t<\/h3>\n\t\t\t\t<div class=\"elementor-post__excerpt\">\n\t\t\t<p>R\u00e9sum\u00e9 Les stages constituent un levier essentiel pour la formation et l\u2019int\u00e9gration des jeunes chercheurs et ing\u00e9nieurs dans le monde<\/p>\n\t\t<\/div>\n\t\t\n\t\t<a class=\"elementor-post__read-more\" href=\"https:\/\/ansts.sn\/en\/les-opportunites-de-bourses-pour-la-recherche-scientifique-au-senegal-enjeux-et-perspectives-copy-copy\/\" aria-label=\"Read more about Le r\u00f4le des stages dans le d\u00e9veloppement des comp\u00e9tences scientifiques et technologiques au S\u00e9n\u00e9gal\" tabindex=\"-1\" >\n\t\t\tLire la suite \u00bb\t\t<\/a>\n\n\t\t\t\t<\/div>\n\t\t\t\t<div class=\"elementor-post__meta-data\">\n\t\t\t\t\t<span class=\"elementor-post-date\">\n\t\t\tFebruary 4, 2025\t\t<\/span>\n\t\t\t\t<span class=\"elementor-post-avatar\">\n\t\t\tNo Comments\t\t<\/span>\n\t\t\t\t<\/div>\n\t\t\t\t\t<\/div>\n\t\t<\/article>\n\t\t\t\t<article class=\"elementor-post elementor-grid-item post-8700 post type-post status-publish format-standard hentry category-recherches-collaboratives-2 category-bourses-et-stages-2\">\n\t\t\t<div class=\"elementor-post__card\">\n\t\t\t\t<div class=\"elementor-post__text\">\n\t\t\t\t<h3 class=\"elementor-post__title\">\n\t\t\t<a href=\"https:\/\/ansts.sn\/en\/les-opportunites-de-bourses-pour-la-recherche-scientifique-au-senegal-enjeux-et-perspectives\/\" >\n\t\t\t\tLes opportunit\u00e9s de bourses pour la recherche scientifique au S\u00e9n\u00e9gal : Enjeux et perspectives\t\t\t<\/a>\n\t\t<\/h3>\n\t\t\t\t<div class=\"elementor-post__excerpt\">\n\t\t\t<p>Les opportunit\u00e9s de bourses pour la recherche scientifique au S\u00e9n\u00e9gal : Enjeux et perspectives R\u00e9sum\u00e9 Les bourses de recherche jouent<\/p>\n\t\t<\/div>\n\t\t\n\t\t<a class=\"elementor-post__read-more\" href=\"https:\/\/ansts.sn\/en\/les-opportunites-de-bourses-pour-la-recherche-scientifique-au-senegal-enjeux-et-perspectives\/\" aria-label=\"Read more about Les opportunit\u00e9s de bourses pour la recherche scientifique au S\u00e9n\u00e9gal : Enjeux et perspectives\" tabindex=\"-1\" >\n\t\t\tLire la suite \u00bb\t\t<\/a>\n\n\t\t\t\t<\/div>\n\t\t\t\t<div class=\"elementor-post__meta-data\">\n\t\t\t\t\t<span class=\"elementor-post-date\">\n\t\t\t3 F\u00e9vrier 2025\t\t<\/span>\n\t\t\t\t<span class=\"elementor-post-avatar\">\n\t\t\tNo Comments\t\t<\/span>\n\t\t\t\t<\/div>\n\t\t\t\t\t<\/div>\n\t\t<\/article>\n\t\t\t\t<article class=\"elementor-post elementor-grid-item post-8693 post type-post status-publish format-standard hentry category-recherches-collaboratives-2\">\n\t\t\t<div class=\"elementor-post__card\">\n\t\t\t\t<div class=\"elementor-post__text\">\n\t\t\t\t<h3 class=\"elementor-post__title\">\n\t\t\t<a href=\"https:\/\/ansts.sn\/en\/liot-et-la-gestion-intelligente-des-ressources-naturelles\/\" >\n\t\t\t\tL\u2019IoT et la gestion intelligente des ressources naturelles\t\t\t<\/a>\n\t\t<\/h3>\n\t\t\t\t<div class=\"elementor-post__excerpt\">\n\t\t\t<p>L\u2019IoT et la gestion intelligente des ressources naturelles : Vers un d\u00e9veloppement durable au S\u00e9n\u00e9gal R\u00e9sum\u00e9 L\u2019Internet des Objets (IoT)<\/p>\n\t\t<\/div>\n\t\t\n\t\t<a class=\"elementor-post__read-more\" href=\"https:\/\/ansts.sn\/en\/liot-et-la-gestion-intelligente-des-ressources-naturelles\/\" aria-label=\"Read more about L\u2019IoT et la gestion intelligente des ressources naturelles\" tabindex=\"-1\" >\n\t\t\tLire la suite \u00bb\t\t<\/a>\n\n\t\t\t\t<\/div>\n\t\t\t\t<div class=\"elementor-post__meta-data\">\n\t\t\t\t\t<span class=\"elementor-post-date\">\n\t\t\t3 F\u00e9vrier 2025\t\t<\/span>\n\t\t\t\t<span class=\"elementor-post-avatar\">\n\t\t\tNo Comments\t\t<\/span>\n\t\t\t\t<\/div>\n\t\t\t\t\t<\/div>\n\t\t<\/article>\n\t\t\t\t<article class=\"elementor-post elementor-grid-item post-8681 post type-post status-publish format-standard hentry category-recherches-collaboratives-2\">\n\t\t\t<div class=\"elementor-post__card\">\n\t\t\t\t<div class=\"elementor-post__text\">\n\t\t\t\t<h3 class=\"elementor-post__title\">\n\t\t\t<a href=\"https:\/\/ansts.sn\/en\/lia-au-service-du-clima\/\" >\n\t\t\t\tL&rsquo;IA au service du climat\t\t\t<\/a>\n\t\t<\/h3>\n\t\t\t\t<div class=\"elementor-post__excerpt\">\n\t\t\t<p>Utilisation de l&rsquo;IA pour le suivi et l\u2019analyse des changements climatiques au S\u00e9n\u00e9gal R\u00e9sum\u00e9 L\u2019intelligence artificielle (IA) joue un r\u00f4le<\/p>\n\t\t<\/div>\n\t\t\n\t\t<a class=\"elementor-post__read-more\" href=\"https:\/\/ansts.sn\/en\/lia-au-service-du-clima\/\" aria-label=\"Read more about L&rsquo;IA au service du climat\" tabindex=\"-1\" >\n\t\t\tLire la suite \u00bb\t\t<\/a>\n\n\t\t\t\t<\/div>\n\t\t\t\t<div class=\"elementor-post__meta-data\">\n\t\t\t\t\t<span class=\"elementor-post-date\">\n\t\t\t3 F\u00e9vrier 2025\t\t<\/span>\n\t\t\t\t<span class=\"elementor-post-avatar\">\n\t\t\tNo Comments\t\t<\/span>\n\t\t\t\t<\/div>\n\t\t\t\t\t<\/div>\n\t\t<\/article>\n\t\t\t\t<article class=\"elementor-post elementor-grid-item post-1797 post type-post status-publish format-standard has-post-thumbnail hentry category-actualites category-sas\">\n\t\t\t<div class=\"elementor-post__card\">\n\t\t\t\t<a class=\"elementor-post__thumbnail__link\" href=\"https:\/\/ansts.sn\/en\/termes-de-references\/\" tabindex=\"-1\" ><div class=\"elementor-post__thumbnail\"><img decoding=\"async\" width=\"300\" height=\"300\" src=\"https:\/\/ansts.sn\/wp-content\/uploads\/2025\/01\/partenariat-conference-internationale-diversity-people-talk_53876-46036-300x300.jpg\" class=\"attachment-medium size-medium wp-image-1515\" alt=\"\" srcset=\"https:\/\/ansts.sn\/wp-content\/uploads\/2025\/01\/partenariat-conference-internationale-diversity-people-talk_53876-46036-300x300.jpg 300w, https:\/\/ansts.sn\/wp-content\/uploads\/2025\/01\/partenariat-conference-internationale-diversity-people-talk_53876-46036-100x100.jpg 100w, https:\/\/ansts.sn\/wp-content\/uploads\/2025\/01\/partenariat-conference-internationale-diversity-people-talk_53876-46036-150x150.jpg 150w, https:\/\/ansts.sn\/wp-content\/uploads\/2025\/01\/partenariat-conference-internationale-diversity-people-talk_53876-46036-400x400.jpg 400w\" sizes=\"(max-width: 300px) 100vw, 300px\" \/><\/div><\/a>\n\t\t\t\t<div class=\"elementor-post__badge\">Actualit\u00e9s<\/div>\n\t\t\t\t<div class=\"elementor-post__avatar\">\n\t\t\t<img alt='Adboullah' src='https:\/\/secure.gravatar.com\/avatar\/6af8e277d24fe680ea122a96eb4c9ab9d67bf2f69d52d5572c6ab9cc2f10ab99?s=128&#038;d=mm&#038;r=g' srcset='https:\/\/secure.gravatar.com\/avatar\/6af8e277d24fe680ea122a96eb4c9ab9d67bf2f69d52d5572c6ab9cc2f10ab99?s=256&#038;d=mm&#038;r=g 2x' class='avatar avatar-128 photo' height='128' width='128' \/>\t\t<\/div>\n\t\t\t\t<div class=\"elementor-post__text\">\n\t\t\t\t<h3 class=\"elementor-post__title\">\n\t\t\t<a href=\"https:\/\/ansts.sn\/en\/termes-de-references\/\" >\n\t\t\t\tTermes de r\u00e9f\u00e9rences\t\t\t<\/a>\n\t\t<\/h3>\n\t\t\t\t<div class=\"elementor-post__excerpt\">\n\t\t\t\t\t<\/div>\n\t\t\n\t\t<a class=\"elementor-post__read-more\" href=\"https:\/\/ansts.sn\/en\/termes-de-references\/\" aria-label=\"Read more about Termes de r\u00e9f\u00e9rences\" tabindex=\"-1\" >\n\t\t\tLire la suite \u00bb\t\t<\/a>\n\n\t\t\t\t<\/div>\n\t\t\t\t<div class=\"elementor-post__meta-data\">\n\t\t\t\t\t<span class=\"elementor-post-date\">\n\t\t\tJanuary 10, 2025\t\t<\/span>\n\t\t\t\t<span class=\"elementor-post-avatar\">\n\t\t\tNo Comments\t\t<\/span>\n\t\t\t\t<\/div>\n\t\t\t\t\t<\/div>\n\t\t<\/article>\n\t\t\t\t<article class=\"elementor-post elementor-grid-item post-6266 post type-post status-publish format-standard has-post-thumbnail hentry category-actualites\">\n\t\t\t<div class=\"elementor-post__card\">\n\t\t\t\t<a class=\"elementor-post__thumbnail__link\" href=\"https:\/\/ansts.sn\/en\/senegal-2050-lansts-veut-contribuer-au-projet\/\" tabindex=\"-1\" ><div class=\"elementor-post__thumbnail\"><img decoding=\"async\" width=\"299\" height=\"169\" src=\"https:\/\/ansts.sn\/wp-content\/uploads\/2025\/01\/Senegal-2050-.jpeg\" class=\"attachment-medium size-medium wp-image-7006\" alt=\"\" srcset=\"https:\/\/ansts.sn\/wp-content\/uploads\/2025\/01\/Senegal-2050-.jpeg 299w, https:\/\/ansts.sn\/wp-content\/uploads\/2025\/01\/Senegal-2050--200x113.jpeg 200w\" sizes=\"(max-width: 299px) 100vw, 299px\" \/><\/div><\/a>\n\t\t\t\t<div class=\"elementor-post__badge\">Actualit\u00e9s<\/div>\n\t\t\t\t<div class=\"elementor-post__avatar\">\n\t\t\t<img alt='Adboullah' src='https:\/\/secure.gravatar.com\/avatar\/6af8e277d24fe680ea122a96eb4c9ab9d67bf2f69d52d5572c6ab9cc2f10ab99?s=128&#038;d=mm&#038;r=g' srcset='https:\/\/secure.gravatar.com\/avatar\/6af8e277d24fe680ea122a96eb4c9ab9d67bf2f69d52d5572c6ab9cc2f10ab99?s=256&#038;d=mm&#038;r=g 2x' class='avatar avatar-128 photo' height='128' width='128' \/>\t\t<\/div>\n\t\t\t\t<div class=\"elementor-post__text\">\n\t\t\t\t<h3 class=\"elementor-post__title\">\n\t\t\t<a href=\"https:\/\/ansts.sn\/en\/senegal-2050-lansts-veut-contribuer-au-projet\/\" >\n\t\t\t\tS\u00e9n\u00e9gal 2050 : L&rsquo;ANSTS veut contribuer au projet\t\t\t<\/a>\n\t\t<\/h3>\n\t\t\t\t<div class=\"elementor-post__excerpt\">\n\t\t\t<p>ASSEMBLEE GENERALE ORDINAIRE ANSTS Les acad\u00e9miciens convaincus de leur apport au Projet S\u00e9n\u00e9gal\u00a0 2050 L\u2019Assembl\u00e9e G\u00e9n\u00e9rale Ordinaire (AGO) annuelle de<\/p>\n\t\t<\/div>\n\t\t\n\t\t<a class=\"elementor-post__read-more\" href=\"https:\/\/ansts.sn\/en\/senegal-2050-lansts-veut-contribuer-au-projet\/\" aria-label=\"Read more about S\u00e9n\u00e9gal 2050 : L&rsquo;ANSTS veut contribuer au projet\" tabindex=\"-1\" >\n\t\t\tLire la suite \u00bb\t\t<\/a>\n\n\t\t\t\t<\/div>\n\t\t\t\t<div class=\"elementor-post__meta-data\">\n\t\t\t\t\t<span class=\"elementor-post-date\">\n\t\t\tJanuary 9, 2025\t\t<\/span>\n\t\t\t\t<span class=\"elementor-post-avatar\">\n\t\t\tNo Comments\t\t<\/span>\n\t\t\t\t<\/div>\n\t\t\t\t\t<\/div>\n\t\t<\/article>\n\t\t\t\t<\/div>\n\t\t\n\t\t\t\t<div class=\"e-load-more-anchor\" data-page=\"1\" data-max-page=\"18\" data-next-page=\"https:\/\/ansts.sn\/en\/wp-json\/wp\/v2\/pages\/7990\/page\/2\/\"><\/div>\n\t\t\t\t<nav class=\"elementor-pagination\" aria-label=\"Pagination\">\n\t\t\t<span class=\"page-numbers prev\">&laquo; Pr\u00e9c\u00e9dent<\/span>\n<a class=\"page-numbers next\" href=\"https:\/\/ansts.sn\/en\/wp-json\/wp\/v2\/pages\/7990\/page\/2\/\">Suivant &raquo;<\/a>\t\t<\/nav>\n\t\t\t\t\t\t<\/div>\n\t\t\t\t<\/div>\n\t\t\t\t\t<\/div>\n\t\t<\/div>\n\t\t\t\t\t<\/div>\n\t\t<\/section>\n\t\t\t\t<\/div>","protected":false},"excerpt":{"rendered":"","protected":false},"author":5,"featured_media":0,"parent":0,"menu_order":0,"comment_status":"closed","ping_status":"closed","template":"","meta":{"_acf_changed":false,"_eb_attr":"","site-sidebar-layout":"no-sidebar","site-content-layout":"","ast-site-content-layout":"full-width-container","site-content-style":"default","site-sidebar-style":"default","ast-global-header-display":"","ast-banner-title-visibility":"","ast-main-header-display":"","ast-hfb-above-header-display":"","ast-hfb-below-header-display":"","ast-hfb-mobile-header-display":"","site-post-title":"disabled","ast-breadcrumbs-content":"","ast-featured-img":"disabled","footer-sml-layout":"","theme-transparent-header-meta":"","adv-header-id-meta":"","stick-header-meta":"","header-above-stick-meta":"","header-main-stick-meta":"","header-below-stick-meta":"","astra-migrate-meta-layouts":"default","ast-page-background-enabled":"default","ast-page-background-meta":{"desktop":{"background-color":"var(--ast-global-color-4)","background-image":"","background-repeat":"repeat","background-position":"center center","background-size":"auto","background-attachment":"scroll","background-type":"","background-media":"","overlay-type":"","overlay-color":"","overlay-opacity":"","overlay-gradient":""},"tablet":{"background-color":"","background-image":"","background-repeat":"repeat","background-position":"center center","background-size":"auto","background-attachment":"scroll","background-type":"","background-media":"","overlay-type":"","overlay-color":"","overlay-opacity":"","overlay-gradient":""},"mobile":{"background-color":"","background-image":"","background-repeat":"repeat","background-position":"center center","background-size":"auto","background-attachment":"scroll","background-type":"","background-media":"","overlay-type":"","overlay-color":"","overlay-opacity":"","overlay-gradient":""}},"ast-content-background-meta":{"desktop":{"background-color":"var(--ast-global-color-5)","background-image":"","background-repeat":"repeat","background-position":"center center","background-size":"auto","background-attachment":"scroll","background-type":"","background-media":"","overlay-type":"","overlay-color":"","overlay-opacity":"","overlay-gradient":""},"tablet":{"background-color":"var(--ast-global-color-5)","background-image":"","background-repeat":"repeat","background-position":"center center","background-size":"auto","background-attachment":"scroll","background-type":"","background-media":"","overlay-type":"","overlay-color":"","overlay-opacity":"","overlay-gradient":""},"mobile":{"background-color":"var(--ast-global-color-5)","background-image":"","background-repeat":"repeat","background-position":"center center","background-size":"auto","background-attachment":"scroll","background-type":"","background-media":"","overlay-type":"","overlay-color":"","overlay-opacity":"","overlay-gradient":""}},"footnotes":""},"class_list":["post-7990","page","type-page","status-publish","hentry"],"acf":[],"yoast_head":"<!-- This site is optimized with the Yoast SEO plugin v27.3 - https:\/\/yoast.com\/product\/yoast-seo-wordpress\/ -->\n<title>actualites-bis - ANSTS<\/title>\n<meta name=\"robots\" content=\"index, follow, max-snippet:-1, max-image-preview:large, max-video-preview:-1\" \/>\n<link rel=\"canonical\" href=\"https:\/\/ansts.sn\/en\/actualites-bis\/\" \/>\n<meta property=\"og:locale\" content=\"en_GB\" \/>\n<meta property=\"og:type\" content=\"article\" \/>\n<meta property=\"og:title\" content=\"actualites-bis - ANSTS\" \/>\n<meta property=\"og:url\" content=\"https:\/\/ansts.sn\/en\/actualites-bis\/\" \/>\n<meta property=\"og:site_name\" content=\"ANSTS\" \/>\n<meta property=\"article:modified_time\" content=\"2025-01-28T15:26:56+00:00\" \/>\n<meta name=\"twitter:card\" content=\"summary_large_image\" \/>\n<meta name=\"twitter:label1\" content=\"Estimated reading time\" \/>\n\t<meta name=\"twitter:data1\" content=\"5 minutes\" \/>\n<script type=\"application\/ld+json\" class=\"yoast-schema-graph\">{\"@context\":\"https:\\\/\\\/schema.org\",\"@graph\":[{\"@type\":\"WebPage\",\"@id\":\"https:\\\/\\\/ansts.sn\\\/actualites-bis\\\/\",\"url\":\"https:\\\/\\\/ansts.sn\\\/actualites-bis\\\/\",\"name\":\"actualites-bis - ANSTS\",\"isPartOf\":{\"@id\":\"https:\\\/\\\/ansts.sn\\\/#website\"},\"datePublished\":\"2025-01-28T15:18:12+00:00\",\"dateModified\":\"2025-01-28T15:26:56+00:00\",\"breadcrumb\":{\"@id\":\"https:\\\/\\\/ansts.sn\\\/actualites-bis\\\/#breadcrumb\"},\"inLanguage\":\"en-GB\",\"potentialAction\":[{\"@type\":\"ReadAction\",\"target\":[\"https:\\\/\\\/ansts.sn\\\/actualites-bis\\\/\"]}]},{\"@type\":\"BreadcrumbList\",\"@id\":\"https:\\\/\\\/ansts.sn\\\/actualites-bis\\\/#breadcrumb\",\"itemListElement\":[{\"@type\":\"ListItem\",\"position\":1,\"name\":\"Accueil\",\"item\":\"https:\\\/\\\/ansts.sn\\\/\"},{\"@type\":\"ListItem\",\"position\":2,\"name\":\"actualites-bis\"}]},{\"@type\":\"WebSite\",\"@id\":\"https:\\\/\\\/ansts.sn\\\/#website\",\"url\":\"https:\\\/\\\/ansts.sn\\\/\",\"name\":\"ANSTS\",\"description\":\"\",\"publisher\":{\"@id\":\"https:\\\/\\\/ansts.sn\\\/#organization\"},\"potentialAction\":[{\"@type\":\"SearchAction\",\"target\":{\"@type\":\"EntryPoint\",\"urlTemplate\":\"https:\\\/\\\/ansts.sn\\\/?s={search_term_string}\"},\"query-input\":{\"@type\":\"PropertyValueSpecification\",\"valueRequired\":true,\"valueName\":\"search_term_string\"}}],\"inLanguage\":\"en-GB\"},{\"@type\":\"Organization\",\"@id\":\"https:\\\/\\\/ansts.sn\\\/#organization\",\"name\":\"ANSTS\",\"url\":\"https:\\\/\\\/ansts.sn\\\/\",\"logo\":{\"@type\":\"ImageObject\",\"inLanguage\":\"en-GB\",\"@id\":\"https:\\\/\\\/ansts.sn\\\/#\\\/schema\\\/logo\\\/image\\\/\",\"url\":\"https:\\\/\\\/ansts.sn\\\/wp-content\\\/uploads\\\/2020\\\/03\\\/WhatsApp_Image_2026-04-02_at_10.18.40-removebg-preview.png\",\"contentUrl\":\"https:\\\/\\\/ansts.sn\\\/wp-content\\\/uploads\\\/2020\\\/03\\\/WhatsApp_Image_2026-04-02_at_10.18.40-removebg-preview.png\",\"width\":502,\"height\":497,\"caption\":\"ANSTS\"},\"image\":{\"@id\":\"https:\\\/\\\/ansts.sn\\\/#\\\/schema\\\/logo\\\/image\\\/\"}}]}<\/script>\n<!-- \/ Yoast SEO plugin. -->","yoast_head_json":{"title":"actualites-bis - ANSTS","robots":{"index":"index","follow":"follow","max-snippet":"max-snippet:-1","max-image-preview":"max-image-preview:large","max-video-preview":"max-video-preview:-1"},"canonical":"https:\/\/ansts.sn\/en\/actualites-bis\/","og_locale":"en_GB","og_type":"article","og_title":"actualites-bis - ANSTS","og_url":"https:\/\/ansts.sn\/en\/actualites-bis\/","og_site_name":"ANSTS","article_modified_time":"2025-01-28T15:26:56+00:00","twitter_card":"summary_large_image","twitter_misc":{"Estimated reading time":"5 minutes"},"schema":{"@context":"https:\/\/schema.org","@graph":[{"@type":"WebPage","@id":"https:\/\/ansts.sn\/actualites-bis\/","url":"https:\/\/ansts.sn\/actualites-bis\/","name":"actualites-bis - ANSTS","isPartOf":{"@id":"https:\/\/ansts.sn\/#website"},"datePublished":"2025-01-28T15:18:12+00:00","dateModified":"2025-01-28T15:26:56+00:00","breadcrumb":{"@id":"https:\/\/ansts.sn\/actualites-bis\/#breadcrumb"},"inLanguage":"en-GB","potentialAction":[{"@type":"ReadAction","target":["https:\/\/ansts.sn\/actualites-bis\/"]}]},{"@type":"BreadcrumbList","@id":"https:\/\/ansts.sn\/actualites-bis\/#breadcrumb","itemListElement":[{"@type":"ListItem","position":1,"name":"Accueil","item":"https:\/\/ansts.sn\/"},{"@type":"ListItem","position":2,"name":"actualites-bis"}]},{"@type":"WebSite","@id":"https:\/\/ansts.sn\/#website","url":"https:\/\/ansts.sn\/","name":"ANSTS","description":"","publisher":{"@id":"https:\/\/ansts.sn\/#organization"},"potentialAction":[{"@type":"SearchAction","target":{"@type":"EntryPoint","urlTemplate":"https:\/\/ansts.sn\/?s={search_term_string}"},"query-input":{"@type":"PropertyValueSpecification","valueRequired":true,"valueName":"search_term_string"}}],"inLanguage":"en-GB"},{"@type":"Organization","@id":"https:\/\/ansts.sn\/#organization","name":"ANSTS","url":"https:\/\/ansts.sn\/","logo":{"@type":"ImageObject","inLanguage":"en-GB","@id":"https:\/\/ansts.sn\/#\/schema\/logo\/image\/","url":"https:\/\/ansts.sn\/wp-content\/uploads\/2020\/03\/WhatsApp_Image_2026-04-02_at_10.18.40-removebg-preview.png","contentUrl":"https:\/\/ansts.sn\/wp-content\/uploads\/2020\/03\/WhatsApp_Image_2026-04-02_at_10.18.40-removebg-preview.png","width":502,"height":497,"caption":"ANSTS"},"image":{"@id":"https:\/\/ansts.sn\/#\/schema\/logo\/image\/"}}]}},"jetpack_sharing_enabled":true,"_links":{"self":[{"href":"https:\/\/ansts.sn\/en\/wp-json\/wp\/v2\/pages\/7990","targetHints":{"allow":["GET"]}}],"collection":[{"href":"https:\/\/ansts.sn\/en\/wp-json\/wp\/v2\/pages"}],"about":[{"href":"https:\/\/ansts.sn\/en\/wp-json\/wp\/v2\/types\/page"}],"author":[{"embeddable":true,"href":"https:\/\/ansts.sn\/en\/wp-json\/wp\/v2\/users\/5"}],"replies":[{"embeddable":true,"href":"https:\/\/ansts.sn\/en\/wp-json\/wp\/v2\/comments?post=7990"}],"version-history":[{"count":6,"href":"https:\/\/ansts.sn\/en\/wp-json\/wp\/v2\/pages\/7990\/revisions"}],"predecessor-version":[{"id":7997,"href":"https:\/\/ansts.sn\/en\/wp-json\/wp\/v2\/pages\/7990\/revisions\/7997"}],"wp:attachment":[{"href":"https:\/\/ansts.sn\/en\/wp-json\/wp\/v2\/media?parent=7990"}],"curies":[{"name":"wp","href":"https:\/\/api.w.org\/{rel}","templated":true}]}}